{"id":15,"date":"2024-02-05T10:31:50","date_gmt":"2024-02-05T09:31:50","guid":{"rendered":"http:\/\/pm.ueb.cas.cz\/?page_id=15"},"modified":"2025-03-07T15:34:21","modified_gmt":"2025-03-07T14:34:21","slug":"team","status":"publish","type":"page","link":"https:\/\/pm.ueb.cas.cz\/index.php\/team\/","title":{"rendered":"Team"},"content":{"rendered":"\t\t<div data-elementor-type=\"wp-page\" data-elementor-id=\"15\" class=\"elementor elementor-15\">\n\t\t\t\t<div class=\"aux-parallax-section elementor-element elementor-element-799444d e-flex e-con-boxed e-con e-parent\" data-id=\"799444d\" data-element_type=\"container\" data-e-type=\"container\">\n\t\t\t\t\t<div class=\"e-con-inner\">\n\t\t<div class=\"elementor-element elementor-element-555e039 e-con-full e-flex e-con e-child\" data-id=\"555e039\" data-element_type=\"container\" data-e-type=\"container\">\n\t\t\t\t<div class=\"elementor-element elementor-element-1ace207 elementor-widget elementor-widget-heading\" data-id=\"1ace207\" data-element_type=\"widget\" data-e-type=\"widget\" data-widget_type=\"heading.default\">\n\t\t\t\t<div class=\"elementor-widget-container\">\n\t\t\t\t\t<h2 class=\"elementor-heading-title elementor-size-default\">Open Positions!<\/h2>\t\t\t\t<\/div>\n\t\t\t\t<\/div>\n\t\t\t\t<div class=\"elementor-element elementor-element-37b60ff elementor-widget elementor-widget-text-editor\" data-id=\"37b60ff\" data-element_type=\"widget\" data-e-type=\"widget\" data-widget_type=\"text-editor.default\">\n\t\t\t\t<div class=\"elementor-widget-container\">\n\t\t\t\t\t\t\t\t\t<h5><span style=\"font-size: 1.125em; text-align: var(--text-align);\">Open PhD <a href=\"https:\/\/pm.ueb.cas.cz\/wp-content\/uploads\/2025\/03\/PhD-FendrychLab-2025.pdf\">position<\/a> &#8211; deadline soon.\u00a0<\/span><\/h5>\t\t\t\t\t\t\t\t<\/div>\n\t\t\t\t<\/div>\n\t\t\t\t<\/div>\n\t\t<div class=\"elementor-element elementor-element-9368297 e-con-full e-flex e-con e-child\" data-id=\"9368297\" data-element_type=\"container\" data-e-type=\"container\">\n\t\t\t\t<\/div>\n\t\t\t\t\t<\/div>\n\t\t\t\t<\/div>\n\t\t<div class=\"aux-parallax-section elementor-element elementor-element-795996b e-flex e-con-boxed e-con e-parent\" data-id=\"795996b\" data-element_type=\"container\" data-e-type=\"container\">\n\t\t\t\t\t<div class=\"e-con-inner\">\n\t\t\t\t<div class=\"elementor-element elementor-element-4da929b elementor-widget-divider--view-line elementor-widget elementor-widget-divider\" data-id=\"4da929b\" data-element_type=\"widget\" data-e-type=\"widget\" data-widget_type=\"divider.default\">\n\t\t\t\t<div class=\"elementor-widget-container\">\n\t\t\t\t\t\t\t<div class=\"elementor-divider\">\n\t\t\t<span class=\"elementor-divider-separator\">\n\t\t\t\t\t\t<\/span>\n\t\t<\/div>\n\t\t\t\t\t\t<\/div>\n\t\t\t\t<\/div>\n\t\t\t\t<div class=\"elementor-element elementor-element-407e2ed elementor-widget elementor-widget-heading\" data-id=\"407e2ed\" data-element_type=\"widget\" data-e-type=\"widget\" data-widget_type=\"heading.default\">\n\t\t\t\t<div class=\"elementor-widget-container\">\n\t\t\t\t\t<h2 class=\"elementor-heading-title elementor-size-default\">The team<\/h2>\t\t\t\t<\/div>\n\t\t\t\t<\/div>\n\t\t\t\t\t<\/div>\n\t\t\t\t<\/div>\n\t\t<div class=\"aux-parallax-section elementor-element elementor-element-430eb21 e-flex e-con-boxed e-con e-parent\" data-id=\"430eb21\" data-element_type=\"container\" data-e-type=\"container\">\n\t\t\t\t\t<div class=\"e-con-inner\">\n\t\t<div class=\"elementor-element elementor-element-cf45ff8 e-con-full e-flex e-con e-child\" data-id=\"cf45ff8\" data-element_type=\"container\" data-e-type=\"container\">\n\t\t\t\t<div class=\"elementor-element elementor-element-f99edec elementor-widget elementor-widget-image\" data-id=\"f99edec\" data-element_type=\"widget\" data-e-type=\"widget\" data-widget_type=\"image.default\">\n\t\t\t\t<div class=\"elementor-widget-container\">\n\t\t\t\t\t\t\t\t\t\t\t\t\t\t\t<img fetchpriority=\"high\" decoding=\"async\" width=\"300\" height=\"300\" src=\"https:\/\/pm.ueb.cas.cz\/wp-content\/uploads\/2024\/02\/mates-300x300.png\" class=\"attachment-medium size-medium wp-image-188\" alt=\"\" srcset=\"https:\/\/pm.ueb.cas.cz\/wp-content\/uploads\/2024\/02\/mates-300x300.png 300w, https:\/\/pm.ueb.cas.cz\/wp-content\/uploads\/2024\/02\/mates-150x150.png 150w, https:\/\/pm.ueb.cas.cz\/wp-content\/uploads\/2024\/02\/mates.png 416w\" sizes=\"(max-width: 300px) 100vw, 300px\" \/>\t\t\t\t\t\t\t\t\t\t\t\t\t\t\t<\/div>\n\t\t\t\t<\/div>\n\t\t\t\t<div class=\"elementor-element elementor-element-7b07740 elementor-widget elementor-widget-text-editor\" data-id=\"7b07740\" data-element_type=\"widget\" data-e-type=\"widget\" data-widget_type=\"text-editor.default\">\n\t\t\t\t<div class=\"elementor-widget-container\">\n\t\t\t\t\t\t\t\t\t<h5>Maty\u00e1\u0161 Fendrych &#8211; group leader <span style=\"font-weight: normal;\">(<\/span><a href=\"https:\/\/scholar.google.com\/citations?hl=en&amp;user=aYxlhaUAAAAJ&amp;view_op=list_works&amp;sortby=pubdate\" target=\"_blank\" rel=\"noopener\">scholar<\/a><span style=\"font-weight: normal;\">)<\/span><\/h5>\t\t\t\t\t\t\t\t<\/div>\n\t\t\t\t<\/div>\n\t\t\t\t<\/div>\n\t\t<div class=\"elementor-element elementor-element-d7647cb e-con-full e-flex e-con e-child\" data-id=\"d7647cb\" data-element_type=\"container\" data-e-type=\"container\">\n\t\t\t\t<div class=\"elementor-element elementor-element-00efeed elementor-widget elementor-widget-image\" data-id=\"00efeed\" data-element_type=\"widget\" data-e-type=\"widget\" data-widget_type=\"image.default\">\n\t\t\t\t<div class=\"elementor-widget-container\">\n\t\t\t\t\t\t\t\t\t\t\t\t\t\t\t<img decoding=\"async\" width=\"300\" height=\"300\" src=\"https:\/\/pm.ueb.cas.cz\/wp-content\/uploads\/2024\/02\/denisa-300x300.png\" class=\"attachment-medium size-medium wp-image-360\" alt=\"\" srcset=\"https:\/\/pm.ueb.cas.cz\/wp-content\/uploads\/2024\/02\/denisa-300x300.png 300w, https:\/\/pm.ueb.cas.cz\/wp-content\/uploads\/2024\/02\/denisa-1024x1024.png 1024w, https:\/\/pm.ueb.cas.cz\/wp-content\/uploads\/2024\/02\/denisa-150x150.png 150w, https:\/\/pm.ueb.cas.cz\/wp-content\/uploads\/2024\/02\/denisa-768x768.png 768w, https:\/\/pm.ueb.cas.cz\/wp-content\/uploads\/2024\/02\/denisa-1536x1536.png 1536w, https:\/\/pm.ueb.cas.cz\/wp-content\/uploads\/2024\/02\/denisa.png 1880w\" sizes=\"(max-width: 300px) 100vw, 300px\" \/>\t\t\t\t\t\t\t\t\t\t\t\t\t\t\t<\/div>\n\t\t\t\t<\/div>\n\t\t\t\t<div class=\"elementor-element elementor-element-2e76550 elementor-widget elementor-widget-text-editor\" data-id=\"2e76550\" data-element_type=\"widget\" data-e-type=\"widget\" data-widget_type=\"text-editor.default\">\n\t\t\t\t<div class=\"elementor-widget-container\">\n\t\t\t\t\t\t\t\t\t<h5>Denisa Oulehlov\u00e1 &#8211; senior researcher <span style=\"font-weight: normal;\">(<\/span><a href=\"https:\/\/scholar.google.com\/citations?user=PFr5uzwAAAAJ&amp;hl=en&amp;oi=ao\" target=\"_blank\" rel=\"noopener\">scholar<\/a><span style=\"font-weight: normal;\">)<\/span><\/h5>\t\t\t\t\t\t\t\t<\/div>\n\t\t\t\t<\/div>\n\t\t\t\t<\/div>\n\t\t<div class=\"elementor-element elementor-element-d400f19 e-con-full e-flex e-con e-child\" data-id=\"d400f19\" data-element_type=\"container\" data-e-type=\"container\">\n\t\t\t\t<div class=\"elementor-element elementor-element-4d32230 elementor-widget elementor-widget-image\" data-id=\"4d32230\" data-element_type=\"widget\" data-e-type=\"widget\" data-widget_type=\"image.default\">\n\t\t\t\t<div class=\"elementor-widget-container\">\n\t\t\t\t\t\t\t\t\t\t\t\t\t\t\t<img decoding=\"async\" width=\"300\" height=\"300\" src=\"https:\/\/pm.ueb.cas.cz\/wp-content\/uploads\/2024\/02\/Vasyl-1-300x300.jpg\" class=\"attachment-medium size-medium wp-image-423\" alt=\"\" srcset=\"https:\/\/pm.ueb.cas.cz\/wp-content\/uploads\/2024\/02\/Vasyl-1-300x300.jpg 300w, https:\/\/pm.ueb.cas.cz\/wp-content\/uploads\/2024\/02\/Vasyl-1-1024x1024.jpg 1024w, https:\/\/pm.ueb.cas.cz\/wp-content\/uploads\/2024\/02\/Vasyl-1-150x150.jpg 150w, https:\/\/pm.ueb.cas.cz\/wp-content\/uploads\/2024\/02\/Vasyl-1-768x768.jpg 768w\" sizes=\"(max-width: 300px) 100vw, 300px\" \/>\t\t\t\t\t\t\t\t\t\t\t\t\t\t\t<\/div>\n\t\t\t\t<\/div>\n\t\t\t\t<div class=\"elementor-element elementor-element-e581b0a elementor-widget elementor-widget-text-editor\" data-id=\"e581b0a\" data-element_type=\"widget\" data-e-type=\"widget\" data-widget_type=\"text-editor.default\">\n\t\t\t\t<div class=\"elementor-widget-container\">\n\t\t\t\t\t\t\t\t\t<h5 style=\"text-align: center;\">Vasyl Brykov &#8211; postdoc <span style=\"font-weight: normal;\">(<\/span><a href=\"https:\/\/scholar.google.com\/citations?user=HktOqEQAAAAJ&amp;hl=en&amp;oi=ao\" target=\"_blank\" rel=\"noopener\">scholar<\/a><span style=\"font-weight: normal;\">)<\/span><\/h5>\t\t\t\t\t\t\t\t<\/div>\n\t\t\t\t<\/div>\n\t\t\t\t<\/div>\n\t\t<div class=\"elementor-element elementor-element-bbedb17 e-con-full e-flex e-con e-child\" data-id=\"bbedb17\" data-element_type=\"container\" data-e-type=\"container\">\n\t\t\t\t<\/div>\n\t\t<div class=\"elementor-element elementor-element-3a55d47 e-con-full e-flex e-con e-child\" data-id=\"3a55d47\" data-element_type=\"container\" data-e-type=\"container\">\n\t\t\t\t<\/div>\n\t\t<div class=\"elementor-element elementor-element-64d4d2c e-con-full e-flex e-con e-child\" data-id=\"64d4d2c\" data-element_type=\"container\" data-e-type=\"container\">\n\t\t\t\t<\/div>\n\t\t\t\t\t<\/div>\n\t\t\t\t<\/div>\n\t\t<div class=\"aux-parallax-section elementor-element elementor-element-d6ac28b e-flex e-con-boxed e-con e-parent\" data-id=\"d6ac28b\" data-element_type=\"container\" data-e-type=\"container\">\n\t\t\t\t\t<div class=\"e-con-inner\">\n\t\t<div class=\"elementor-element elementor-element-a5be423 e-con-full e-flex e-con e-child\" data-id=\"a5be423\" data-element_type=\"container\" data-e-type=\"container\">\n\t\t\t\t<div class=\"elementor-element elementor-element-049287b elementor-widget elementor-widget-image\" data-id=\"049287b\" data-element_type=\"widget\" data-e-type=\"widget\" data-widget_type=\"image.default\">\n\t\t\t\t<div class=\"elementor-widget-container\">\n\t\t\t\t\t\t\t\t\t\t\t\t\t\t\t<img loading=\"lazy\" decoding=\"async\" width=\"300\" height=\"300\" src=\"https:\/\/pm.ueb.cas.cz\/wp-content\/uploads\/2024\/02\/monika1-300x300.png\" class=\"attachment-medium size-medium wp-image-353\" alt=\"\" srcset=\"https:\/\/pm.ueb.cas.cz\/wp-content\/uploads\/2024\/02\/monika1-300x300.png 300w, https:\/\/pm.ueb.cas.cz\/wp-content\/uploads\/2024\/02\/monika1-150x150.png 150w, https:\/\/pm.ueb.cas.cz\/wp-content\/uploads\/2024\/02\/monika1-768x768.png 768w, https:\/\/pm.ueb.cas.cz\/wp-content\/uploads\/2024\/02\/monika1.png 824w\" sizes=\"(max-width: 300px) 100vw, 300px\" \/>\t\t\t\t\t\t\t\t\t\t\t\t\t\t\t<\/div>\n\t\t\t\t<\/div>\n\t\t\t\t<div class=\"elementor-element elementor-element-68f421b elementor-widget elementor-widget-text-editor\" data-id=\"68f421b\" data-element_type=\"widget\" data-e-type=\"widget\" data-widget_type=\"text-editor.default\">\n\t\t\t\t<div class=\"elementor-widget-container\">\n\t\t\t\t\t\t\t\t\t<h5>Monika Kubalov\u00e1 &#8211; PhD student<\/h5>\t\t\t\t\t\t\t\t<\/div>\n\t\t\t\t<\/div>\n\t\t\t\t<\/div>\n\t\t<div class=\"elementor-element elementor-element-5b393c5 e-con-full e-flex e-con e-child\" data-id=\"5b393c5\" data-element_type=\"container\" data-e-type=\"container\">\n\t\t\t\t<div class=\"elementor-element elementor-element-bdd8890 elementor-widget elementor-widget-image\" data-id=\"bdd8890\" data-element_type=\"widget\" data-e-type=\"widget\" data-widget_type=\"image.default\">\n\t\t\t\t<div class=\"elementor-widget-container\">\n\t\t\t\t\t\t\t\t\t\t\t\t\t\t\t<img loading=\"lazy\" decoding=\"async\" width=\"300\" height=\"300\" src=\"https:\/\/pm.ueb.cas.cz\/wp-content\/uploads\/2024\/02\/lorena-1-300x300.jpg\" class=\"attachment-medium size-medium wp-image-391\" alt=\"\" srcset=\"https:\/\/pm.ueb.cas.cz\/wp-content\/uploads\/2024\/02\/lorena-1-300x300.jpg 300w, https:\/\/pm.ueb.cas.cz\/wp-content\/uploads\/2024\/02\/lorena-1-1024x1024.jpg 1024w, https:\/\/pm.ueb.cas.cz\/wp-content\/uploads\/2024\/02\/lorena-1-150x150.jpg 150w, https:\/\/pm.ueb.cas.cz\/wp-content\/uploads\/2024\/02\/lorena-1-768x768.jpg 768w, https:\/\/pm.ueb.cas.cz\/wp-content\/uploads\/2024\/02\/lorena-1.jpg 1368w\" sizes=\"(max-width: 300px) 100vw, 300px\" \/>\t\t\t\t\t\t\t\t\t\t\t\t\t\t\t<\/div>\n\t\t\t\t<\/div>\n\t\t\t\t<div class=\"elementor-element elementor-element-c7ecd23 elementor-widget elementor-widget-text-editor\" data-id=\"c7ecd23\" data-element_type=\"widget\" data-e-type=\"widget\" data-widget_type=\"text-editor.default\">\n\t\t\t\t<div class=\"elementor-widget-container\">\n\t\t\t\t\t\t\t\t\t<h5>Lorena Huffer &#8211; PhD student<\/h5>\t\t\t\t\t\t\t\t<\/div>\n\t\t\t\t<\/div>\n\t\t\t\t<\/div>\n\t\t<div class=\"elementor-element elementor-element-a6070eb e-con-full e-flex e-con e-child\" data-id=\"a6070eb\" data-element_type=\"container\" data-e-type=\"container\">\n\t\t\t\t<div class=\"elementor-element elementor-element-ff336e8 elementor-widget elementor-widget-image\" data-id=\"ff336e8\" data-element_type=\"widget\" data-e-type=\"widget\" data-widget_type=\"image.default\">\n\t\t\t\t<div class=\"elementor-widget-container\">\n\t\t\t\t\t\t\t\t\t\t\t\t\t\t\t<img loading=\"lazy\" decoding=\"async\" width=\"300\" height=\"300\" src=\"https:\/\/pm.ueb.cas.cz\/wp-content\/uploads\/2024\/02\/pavel-300x300.jpg\" class=\"attachment-medium size-medium wp-image-260\" alt=\"\" srcset=\"https:\/\/pm.ueb.cas.cz\/wp-content\/uploads\/2024\/02\/pavel-300x300.jpg 300w, https:\/\/pm.ueb.cas.cz\/wp-content\/uploads\/2024\/02\/pavel-150x150.jpg 150w, https:\/\/pm.ueb.cas.cz\/wp-content\/uploads\/2024\/02\/pavel-768x768.jpg 768w\" sizes=\"(max-width: 300px) 100vw, 300px\" \/>\t\t\t\t\t\t\t\t\t\t\t\t\t\t\t<\/div>\n\t\t\t\t<\/div>\n\t\t\t\t<div class=\"elementor-element elementor-element-0b2e75d elementor-widget elementor-widget-text-editor\" data-id=\"0b2e75d\" data-element_type=\"widget\" data-e-type=\"widget\" data-widget_type=\"text-editor.default\">\n\t\t\t\t<div class=\"elementor-widget-container\">\n\t\t\t\t\t\t\t\t\t<h5>Pavel Krupa\u0159 &#8211; PhD student <span style=\"font-weight: normal;\">(<\/span><a href=\"https:\/\/scholar.google.com\/citations?user=7R7A-pAAAAAJ&amp;hl=en&amp;oi=ao\" target=\"_blank\" rel=\"noopener\">scholar<\/a><span style=\"font-weight: normal;\">)<\/span><\/h5>\t\t\t\t\t\t\t\t<\/div>\n\t\t\t\t<\/div>\n\t\t\t\t<\/div>\n\t\t<div class=\"elementor-element elementor-element-bfc3588 e-con-full e-flex e-con e-child\" data-id=\"bfc3588\" data-element_type=\"container\" data-e-type=\"container\">\n\t\t\t\t<\/div>\n\t\t<div class=\"elementor-element elementor-element-636954f e-con-full e-flex e-con e-child\" data-id=\"636954f\" data-element_type=\"container\" data-e-type=\"container\">\n\t\t\t\t<\/div>\n\t\t<div class=\"elementor-element elementor-element-4b0edd2 e-con-full e-flex e-con e-child\" data-id=\"4b0edd2\" data-element_type=\"container\" data-e-type=\"container\">\n\t\t\t\t<\/div>\n\t\t\t\t\t<\/div>\n\t\t\t\t<\/div>\n\t\t<div class=\"aux-parallax-section elementor-element elementor-element-bdbbfae e-flex e-con-boxed e-con e-parent\" data-id=\"bdbbfae\" data-element_type=\"container\" data-e-type=\"container\">\n\t\t\t\t\t<div class=\"e-con-inner\">\n\t\t<div class=\"elementor-element elementor-element-1f9bd2c e-con-full e-flex e-con e-child\" data-id=\"1f9bd2c\" data-element_type=\"container\" data-e-type=\"container\">\n\t\t\t\t<div class=\"elementor-element elementor-element-707b065 elementor-widget elementor-widget-image\" data-id=\"707b065\" data-element_type=\"widget\" data-e-type=\"widget\" data-widget_type=\"image.default\">\n\t\t\t\t<div class=\"elementor-widget-container\">\n\t\t\t\t\t\t\t\t\t\t\t\t\t\t\t<img loading=\"lazy\" decoding=\"async\" width=\"300\" height=\"300\" src=\"https:\/\/pm.ueb.cas.cz\/wp-content\/uploads\/2024\/02\/eva-300x300.jpg\" class=\"attachment-medium size-medium wp-image-187\" alt=\"\" srcset=\"https:\/\/pm.ueb.cas.cz\/wp-content\/uploads\/2024\/02\/eva-300x300.jpg 300w, https:\/\/pm.ueb.cas.cz\/wp-content\/uploads\/2024\/02\/eva-150x150.jpg 150w, https:\/\/pm.ueb.cas.cz\/wp-content\/uploads\/2024\/02\/eva.jpg 733w\" sizes=\"(max-width: 300px) 100vw, 300px\" \/>\t\t\t\t\t\t\t\t\t\t\t\t\t\t\t<\/div>\n\t\t\t\t<\/div>\n\t\t\t\t<div class=\"elementor-element elementor-element-fab91d8 elementor-widget elementor-widget-text-editor\" data-id=\"fab91d8\" data-element_type=\"widget\" data-e-type=\"widget\" data-widget_type=\"text-editor.default\">\n\t\t\t\t<div class=\"elementor-widget-container\">\n\t\t\t\t\t\t\t\t\t<h5>Eva Medveck\u00e1 &#8211; technician, lab manager<\/h5>\t\t\t\t\t\t\t\t<\/div>\n\t\t\t\t<\/div>\n\t\t\t\t<\/div>\n\t\t<div class=\"elementor-element elementor-element-fd8b60b e-con-full e-flex e-con e-child\" data-id=\"fd8b60b\" data-element_type=\"container\" data-e-type=\"container\">\n\t\t\t\t<div class=\"elementor-element elementor-element-96fde03 elementor-widget elementor-widget-image\" data-id=\"96fde03\" data-element_type=\"widget\" data-e-type=\"widget\" data-widget_type=\"image.default\">\n\t\t\t\t<div class=\"elementor-widget-container\">\n\t\t\t\t\t\t\t\t\t\t\t\t\t\t\t<img loading=\"lazy\" decoding=\"async\" width=\"300\" height=\"300\" src=\"https:\/\/pm.ueb.cas.cz\/wp-content\/uploads\/2024\/02\/Ramilla-300x300.png\" class=\"attachment-medium size-medium wp-image-376\" alt=\"\" srcset=\"https:\/\/pm.ueb.cas.cz\/wp-content\/uploads\/2024\/02\/Ramilla-300x300.png 300w, https:\/\/pm.ueb.cas.cz\/wp-content\/uploads\/2024\/02\/Ramilla-150x150.png 150w, https:\/\/pm.ueb.cas.cz\/wp-content\/uploads\/2024\/02\/Ramilla.png 692w\" sizes=\"(max-width: 300px) 100vw, 300px\" \/>\t\t\t\t\t\t\t\t\t\t\t\t\t\t\t<\/div>\n\t\t\t\t<\/div>\n\t\t\t\t<div class=\"elementor-element elementor-element-92dffa8 elementor-widget elementor-widget-text-editor\" data-id=\"92dffa8\" data-element_type=\"widget\" data-e-type=\"widget\" data-widget_type=\"text-editor.default\">\n\t\t\t\t<div class=\"elementor-widget-container\">\n\t\t\t\t\t\t\t\t\t<h5>Ramilla Brikova &#8211; technician <span style=\"font-weight: normal;\">(<\/span><a href=\"https:\/\/scholar.google.com\/citations?user=YUkPAmIAAAAJ&amp;hl=en&amp;oi=ao\" target=\"_blank\">scholar<\/a><span style=\"font-weight: normal;\">)<\/span><\/h5>\t\t\t\t\t\t\t\t<\/div>\n\t\t\t\t<\/div>\n\t\t\t\t<\/div>\n\t\t<div class=\"elementor-element elementor-element-7c8fc53 e-con-full e-flex e-con e-child\" data-id=\"7c8fc53\" data-element_type=\"container\" data-e-type=\"container\">\n\t\t\t\t<\/div>\n\t\t\t\t\t<\/div>\n\t\t\t\t<\/div>\n\t\t<div class=\"aux-parallax-section elementor-element elementor-element-19aaae7 e-flex e-con-boxed e-con e-parent\" data-id=\"19aaae7\" data-element_type=\"container\" data-e-type=\"container\">\n\t\t\t\t\t<div class=\"e-con-inner\">\n\t\t<div class=\"elementor-element elementor-element-d05469d e-con-full e-flex e-con e-child\" data-id=\"d05469d\" data-element_type=\"container\" data-e-type=\"container\">\n\t\t\t\t<div class=\"elementor-element elementor-element-de62ab7 elementor-widget elementor-widget-image\" data-id=\"de62ab7\" data-element_type=\"widget\" data-e-type=\"widget\" data-widget_type=\"image.default\">\n\t\t\t\t<div class=\"elementor-widget-container\">\n\t\t\t\t\t\t\t\t\t\t\t\t\t\t\t<img decoding=\"async\" src=\"https:\/\/pm.ueb.cas.cz\/wp-content\/plugins\/elementor\/assets\/images\/placeholder.png\" title=\"\" alt=\"\" loading=\"lazy\" \/>\t\t\t\t\t\t\t\t\t\t\t\t\t\t\t<\/div>\n\t\t\t\t<\/div>\n\t\t\t\t<div class=\"elementor-element elementor-element-f77d8cd elementor-widget elementor-widget-text-editor\" data-id=\"f77d8cd\" data-element_type=\"widget\" data-e-type=\"widget\" data-widget_type=\"text-editor.default\">\n\t\t\t\t<div class=\"elementor-widget-container\">\n\t\t\t\t\t\t\t\t\t<h5>Veronika Pol\u00e1kov\u00e1 &#8211; Master student<\/h5>\t\t\t\t\t\t\t\t<\/div>\n\t\t\t\t<\/div>\n\t\t\t\t<\/div>\n\t\t<div class=\"elementor-element elementor-element-99b154a e-con-full e-flex e-con e-child\" data-id=\"99b154a\" data-element_type=\"container\" data-e-type=\"container\">\n\t\t\t\t<div class=\"elementor-element elementor-element-62550f3 elementor-widget elementor-widget-image\" data-id=\"62550f3\" data-element_type=\"widget\" data-e-type=\"widget\" data-widget_type=\"image.default\">\n\t\t\t\t<div class=\"elementor-widget-container\">\n\t\t\t\t\t\t\t\t\t\t\t\t\t\t\t<img loading=\"lazy\" decoding=\"async\" width=\"300\" height=\"300\" src=\"https:\/\/pm.ueb.cas.cz\/wp-content\/uploads\/2024\/02\/Marta-300x300.png\" class=\"attachment-medium size-medium wp-image-364\" alt=\"\" srcset=\"https:\/\/pm.ueb.cas.cz\/wp-content\/uploads\/2024\/02\/Marta-300x300.png 300w, https:\/\/pm.ueb.cas.cz\/wp-content\/uploads\/2024\/02\/Marta-1024x1024.png 1024w, https:\/\/pm.ueb.cas.cz\/wp-content\/uploads\/2024\/02\/Marta-150x150.png 150w, https:\/\/pm.ueb.cas.cz\/wp-content\/uploads\/2024\/02\/Marta-768x768.png 768w\" sizes=\"(max-width: 300px) 100vw, 300px\" \/>\t\t\t\t\t\t\t\t\t\t\t\t\t\t\t<\/div>\n\t\t\t\t<\/div>\n\t\t\t\t<div class=\"elementor-element elementor-element-eaa491b elementor-widget elementor-widget-text-editor\" data-id=\"eaa491b\" data-element_type=\"widget\" data-e-type=\"widget\" data-widget_type=\"text-editor.default\">\n\t\t\t\t<div class=\"elementor-widget-container\">\n\t\t\t\t\t\t\t\t\t<h5>Martina Nehasilov\u00e1 &#8211; Master student<\/h5>\t\t\t\t\t\t\t\t<\/div>\n\t\t\t\t<\/div>\n\t\t\t\t<\/div>\n\t\t<div class=\"elementor-element elementor-element-71b1f87 e-con-full e-flex e-con e-child\" data-id=\"71b1f87\" data-element_type=\"container\" data-e-type=\"container\">\n\t\t\t\t<\/div>\n\t\t<div class=\"elementor-element elementor-element-800bc2d e-con-full e-flex e-con e-child\" data-id=\"800bc2d\" data-element_type=\"container\" data-e-type=\"container\">\n\t\t\t\t<\/div>\n\t\t<div class=\"elementor-element elementor-element-09911da e-con-full e-flex e-con e-child\" data-id=\"09911da\" data-element_type=\"container\" data-e-type=\"container\">\n\t\t\t\t<\/div>\n\t\t<div class=\"elementor-element elementor-element-61fd0ee e-con-full e-flex e-con e-child\" data-id=\"61fd0ee\" data-element_type=\"container\" data-e-type=\"container\">\n\t\t\t\t<\/div>\n\t\t\t\t\t<\/div>\n\t\t\t\t<\/div>\n\t\t<div class=\"aux-parallax-section elementor-element elementor-element-ca5b92d e-flex e-con-boxed e-con e-parent\" data-id=\"ca5b92d\" data-element_type=\"container\" data-e-type=\"container\">\n\t\t\t\t\t<div class=\"e-con-inner\">\n\t\t\t\t<div class=\"elementor-element elementor-element-c9e12a7 elementor-widget elementor-widget-text-editor\" data-id=\"c9e12a7\" data-element_type=\"widget\" data-e-type=\"widget\" data-widget_type=\"text-editor.default\">\n\t\t\t\t<div class=\"elementor-widget-container\">\n\t\t\t\t\t\t\t\t\t<h5><span style=\"font-size: 20px;\">Alumni<\/span><\/h5><p><span style=\"font-size: 18px;\">Michal Bogdan<\/span><\/p><p><span style=\"font-size: 18px; text-align: var(--text-align);\">Sabina Brotsmann<\/span><\/p><p><span style=\"font-size: 18px;\">Shiv Mani Dubey (<\/span><a href=\"https:\/\/scholar.google.com\/citations?user=n23DOIUAAAAJ&amp;hl=en&amp;oi=ao\" target=\"_blank\" rel=\"noopener\">scholar<\/a><span style=\"font-size: 18px;\">)<\/span><\/p><p><span style=\"font-size: 18px; text-align: var(--text-align);\">Nelson BC Serre (<\/span><a href=\"https:\/\/scholar.google.com\/citations?user=Duocjh0AAAAJ&amp;hl=en&amp;oi=ao\" target=\"_blank\" rel=\"noopener\">scholar<\/a><span style=\"font-size: 18px; text-align: var(--text-align);\">)<\/span><\/p><p><span style=\"font-size: 18px;\">Pruthvi Vittal\u00a0<\/span><\/p><p><span style=\"font-size: 18px; text-align: var(--text-align);\">Da\u0161a Wernerov\u00e1\u00a0<\/span><\/p><p><span style=\"font-size: 18px; text-align: var(--text-align);\">David U\u0161\u00e1k<\/span><\/p>\t\t\t\t\t\t\t\t<\/div>\n\t\t\t\t<\/div>\n\t\t\t\t\t<\/div>\n\t\t\t\t<\/div>\n\t\t<div class=\"aux-parallax-section elementor-element elementor-element-c39beae e-flex e-con-boxed e-con e-parent\" data-id=\"c39beae\" data-element_type=\"container\" data-e-type=\"container\">\n\t\t\t\t\t<div class=\"e-con-inner\">\n\t\t\t\t<div class=\"elementor-element elementor-element-ed84ad5 elementor-widget elementor-widget-image\" data-id=\"ed84ad5\" data-element_type=\"widget\" data-e-type=\"widget\" data-widget_type=\"image.default\">\n\t\t\t\t<div class=\"elementor-widget-container\">\n\t\t\t\t\t\t\t\t\t\t\t\t\t\t\t<img loading=\"lazy\" decoding=\"async\" width=\"2560\" height=\"1556\" src=\"https:\/\/pm.ueb.cas.cz\/wp-content\/uploads\/2024\/02\/2023-allPeople-shiv-defense-scaled.jpg\" class=\"attachment-full size-full wp-image-196\" alt=\"\" srcset=\"https:\/\/pm.ueb.cas.cz\/wp-content\/uploads\/2024\/02\/2023-allPeople-shiv-defense-scaled.jpg 2560w, https:\/\/pm.ueb.cas.cz\/wp-content\/uploads\/2024\/02\/2023-allPeople-shiv-defense-1536x934.jpg 1536w, https:\/\/pm.ueb.cas.cz\/wp-content\/uploads\/2024\/02\/2023-allPeople-shiv-defense-2048x1245.jpg 2048w\" sizes=\"(max-width: 2560px) 100vw, 2560px\" \/>\t\t\t\t\t\t\t\t\t\t\t\t\t\t\t<\/div>\n\t\t\t\t<\/div>\n\t\t\t\t\t<\/div>\n\t\t\t\t<\/div>\n\t\t\t\t<\/div>\n\t\t","protected":false},"excerpt":{"rendered":"<p>Open Positions! Open PhD position &#8211; deadline soon.\u00a0 The team Maty\u00e1\u0161 Fendrych &#8211; group leader (scholar) Denisa Oulehlov\u00e1 &#8211; senior researcher (scholar) Vasyl Brykov &#8211; postdoc (scholar) Monika Kubalov\u00e1 &#8211; PhD student Lorena Huffer &#8211; PhD student Pavel Krupa\u0159 &#8211; PhD student (scholar) Eva Medveck\u00e1 &#8211; technician, lab manager Ramilla Brikova &#8211; technician (scholar) Veronika [&hellip;]<\/p>\n","protected":false},"author":1,"featured_media":0,"parent":0,"menu_order":0,"comment_status":"closed","ping_status":"closed","template":"","meta":{"footnotes":""},"class_list":["post-15","page","type-page","status-publish","hentry"],"_links":{"self":[{"href":"https:\/\/pm.ueb.cas.cz\/index.php\/wp-json\/wp\/v2\/pages\/15","targetHints":{"allow":["GET"]}}],"collection":[{"href":"https:\/\/pm.ueb.cas.cz\/index.php\/wp-json\/wp\/v2\/pages"}],"about":[{"href":"https:\/\/pm.ueb.cas.cz\/index.php\/wp-json\/wp\/v2\/types\/page"}],"author":[{"embeddable":true,"href":"https:\/\/pm.ueb.cas.cz\/index.php\/wp-json\/wp\/v2\/users\/1"}],"replies":[{"embeddable":true,"href":"https:\/\/pm.ueb.cas.cz\/index.php\/wp-json\/wp\/v2\/comments?post=15"}],"version-history":[{"count":118,"href":"https:\/\/pm.ueb.cas.cz\/index.php\/wp-json\/wp\/v2\/pages\/15\/revisions"}],"predecessor-version":[{"id":451,"href":"https:\/\/pm.ueb.cas.cz\/index.php\/wp-json\/wp\/v2\/pages\/15\/revisions\/451"}],"wp:attachment":[{"href":"https:\/\/pm.ueb.cas.cz\/index.php\/wp-json\/wp\/v2\/media?parent=15"}],"curies":[{"name":"wp","href":"https:\/\/api.w.org\/{rel}","templated":true}]}}