{"id":17,"date":"2024-02-05T10:32:02","date_gmt":"2024-02-05T09:32:02","guid":{"rendered":"http:\/\/pm.ueb.cas.cz\/?page_id=17"},"modified":"2024-02-20T21:56:25","modified_gmt":"2024-02-20T20:56:25","slug":"publications","status":"publish","type":"page","link":"https:\/\/pm.ueb.cas.cz\/index.php\/publications\/","title":{"rendered":"Publications"},"content":{"rendered":"\t\t<div data-elementor-type=\"wp-page\" data-elementor-id=\"17\" class=\"elementor elementor-17\">\n\t\t\t\t<div class=\"aux-parallax-section elementor-element elementor-element-488af67 e-flex e-con-boxed e-con e-parent\" data-id=\"488af67\" data-element_type=\"container\" data-e-type=\"container\">\n\t\t\t\t\t<div class=\"e-con-inner\">\n\t\t\t\t<div class=\"elementor-element elementor-element-02ed9d4 elementor-widget elementor-widget-text-editor\" data-id=\"02ed9d4\" data-element_type=\"widget\" data-e-type=\"widget\" data-widget_type=\"text-editor.default\">\n\t\t\t\t<div class=\"elementor-widget-container\">\n\t\t\t\t\t\t\t\t\t<h5><span style=\"font-size: 20px;\">2024<\/span><\/h5>\n<p><span style=\"font-size: 18px;\">Dragwidge JM, Wang Y, Brocard L, De Meyer A, Hude\u010dek R, Eeckhout D, Grones P, Buridan M, Chambaud C, Pejchar P, Potock\u00fd M, Winkler J, Vandorpe M, <b>Serre NBC, Fendrych M<\/b>, Bernard A, De Jaeger G, Pleskot R, Fang X, Van Damme D. 2024. Biomolecular condensation orchestrates clathrin-mediated endocytosis in plants. <b>Nature Cell Biology<\/b>. https:\/\/doi.org\/10.1038\/s41556-024-01354-6<\/span><\/p>\n<p><span style=\"font-size: 18px;\"><b>Kubalov\u00e1 M<\/b>, M\u00fcller K, Dobrev PI, Rizza A, Jones AM, <b>Fendrych M<\/b>. 2024. Auxin co-receptor IAA17\/AXR3 controls cell elongation in Arabidopsis thaliana root solely by modulation of nuclear auxin pathway. <b>New Phytologist<\/b>. doi:10.1111\/nph.19557<\/span><\/p>\n<p><span style=\"font-size: 18px; text-align: var(--text-align);\">Kuhn A, Roosjen M, Mutte S, <\/span><b style=\"font-size: 18px; text-align: var(--text-align);\">Dubey SM<\/b><span style=\"font-size: 18px; text-align: var(--text-align);\">, Carrillo Carrasco VP, Boeren S, Monzer A, Koehorst J, Kohchi T, Nishihama R, <\/span><b style=\"font-size: 18px; text-align: var(--text-align);\">Fendrych M<\/b><span style=\"font-size: 18px; text-align: var(--text-align);\">, Sprakel J, Friml J, Weijers D. 2024. RAF-like protein kinases mediate a deeply conserved, rapid auxin response. <\/span><b style=\"font-size: 18px; text-align: var(--text-align);\">Cell<\/b><span style=\"font-size: 18px; text-align: var(--text-align);\">; 187: 130-148.e17. doi:&nbsp;https:\/\/doi.org\/10.1016\/j.cell.2023.11.021<\/span><\/p>\n<p><span style=\"text-align: var(--text-align); font-size: 18px;\">&nbsp;<\/span><\/p>\n<p><span style=\"text-align: var(--text-align); font-size: 20px;\"><b>2023<\/b><\/span><\/p>\n<div><span style=\"font-size: 18px;\">Doll NM, Van Hautegem T, Schilling N, De Rycke R, De Winter F, <b>Fendrych M<\/b>, Nowack MK.&nbsp; 2023. Endosperm cell death promoted by NAC transcription factors facilitates embryo invasion in Arabidopsis. <b>Current Biology<\/b>;33: 3785-3795.e6. doi:<\/span><span style=\"text-align: var(--text-align); font-size: 18px;\">https:\/\/doi.org\/10.1016\/j.cell.2023.11.021<\/span><\/div>\n<div><span style=\"font-size: 18px;\"><b>&nbsp;<\/b><\/span><\/div>\n<div><span style=\"font-size: 18px;\"><b>Serre NBC, Wernerov\u00e1 D, Vittal P, Dubey SM, Medveck\u00e1 E<\/b>, Jel\u00ednkov\u00e1 A, Petrasek J, Grossmann G, <b>Fendrych M<\/b>. 2023. The AUX1-AFB1-CNGC14 module establishes a longitudinal root surface pH profile. <b>eLife<\/b>;12: 1\u201323. doi:<\/span><span style=\"text-align: var(--text-align); font-size: 18px;\">https:\/\/doi.org\/10.7554\/elife.85193<\/span><\/div>\n<div><span style=\"font-size: 18px;\">&nbsp;<\/span><\/div>\n<p><span style=\"font-size: 18px;\"><b>Dubey SM, Fendrych M, Serre NBC. <\/b>2023. Relative Membrane Potential Measurements Using DISBAC2(3) Fluorescence in Arabidopsis thaliana Primary Roots. <b>Bio Protocols;<\/b> 13: e4778;&nbsp;<\/span><span style=\"text-align: var(--text-align); font-size: 18px;\">&nbsp;doi: 10.21769\/BioProtoc.4778<\/span><\/p>\n<p><span style=\"font-size: 18px;\"><b>Dubey SM<\/b>\u00b0 &amp; Han S\u00b0, Stutzman N, Prigge MJ, <b>Medvecka E<\/b>, Platre MP, Busch W, <b>Fendrych M<\/b>*, Estelle M*. 2023. The AFB1 auxin receptor controls the cytoplasmic auxin response pathway in Arabidopsis thaliana. <b>Molecular Plant <\/b>16:1-11; doi<\/span><span style=\"text-align: var(--text-align); font-size: 18px;\">:https:\/\/doi.org\/10.1016\/j.molp.2023.06.008<\/span><\/p>\n<h5><span style=\"font-size: 20px; letter-spacing: normal;\">2022<\/span><\/h5>\n<p><span style=\"text-align: var(--text-align); font-size: 18px;\"><b>Serre NBC*, Fendrych M<\/b>. 2022. ACORBA: Automated workflow to measure Arabidopsis thaliana root tip angle dynamics. <b>Quantitative Plant Biology<\/b> 3: e9. doi: doi.org\/10.1101\/2021.07.15.452462<\/span><\/p>\n<p><span style=\"text-align: var(--text-align); font-size: 18px;\">Wu S, Wen Y, <b>Serre NBC<\/b>, Laursen CCH, Dietz AG, Taylor BR, Drobizhev M, Molina RS, Aggarwal A, Rancic V, Becker M, Ballanyi K, Podgorski K, Hirase H, Nedergaard M, <b>Fendrych M<\/b>, Lemieux MJ, Eberl DF, Kay AR, Campbell RE, Shen Y. 2022. A sensitive and specific genetically-encoded potassium ion biosensor for in vivo applications across the tree of life. <b>PLoS Biology<\/b> 20: e3001772. doi: doi.org\/10.1101\/2021.10.07.463410<\/span><\/p>\n<p><span style=\"text-align: var(--text-align); font-size: 18px;\">&nbsp;<\/span><\/p>\n<p><span style=\"font-weight: bold; font-size: 20px;\">2021<\/span><\/p>\n<p><span style=\"text-align: var(--text-align); font-size: 18px;\"><b>Serre NBC, Kralik D<\/b>, Yun P, Slouka Z, Shabala S, <b>Fendrych M<\/b>*. 2021. AFB1 controls rapid auxin signalling through membrane depolarization in Arabidopsis thaliana root. <b>Nature Plants<\/b> 7: 1229-1238. doi: https:\/\/doi.org\/10.1038\/s41477-021-00969-z<\/span><\/p>\n<p><span style=\"text-align: var(--text-align); font-size: 18px;\">Vuka\u0161inovi\u0107, N., Wang, Y., Vanhoutte, I., <b>Fendrych, M<\/b><span style=\"text-align: var(--text-align);\">., Guo, B., Kvasnica, M., Jiroutov\u00e1, P., Oklestkova, J., Strnad, M., and Russinova, E. 2021. Local brassinosteroid biosynthesis enables optimal root growth. Nature Plants 7, 619\u2013632. doi:&nbsp;http:\/\/dx.doi.org\/10.1038\/s41477-021-00917-x<\/span><\/span><\/p>\n<p><span style=\"text-align: var(--text-align); font-size: 18px;\"><b>Dubey SM, Serre NBC, Oulehlov\u00e1 D, Vittal P, and Fendrych M<\/b>. 2021. No Time for Transcription-Rapid Auxin Responses in Plants. <b>Cold Spring Harb. Perspect. Biol.<\/b> 13, a039891. &nbsp;doi.org\/10.1101\/cshperspect.a039891<\/span><\/p>\n<p><span style=\"text-align: var(--text-align); font-size: 18px;\">Glanc, M., Van Gelderen, K., Hoermayer, L., Tan, S., Naramoto, S., Zhang, X., Domjan, D., V\u010dela\u0159ov\u00e1, L., Hauschild, R., Johnson, A., de Koning E, van Dorp M, Rademacher&nbsp; E, Janson S, Wei X, Molnar G, <b>Fendrych M,<\/b> de Rybel B, Friml J. 2021. AGC kinases and MAB4\/MEL proteins maintain PIN polarity by limiting lateral diffusion in plant cells.<b> Current Biology<\/b>&nbsp;31, 1918-1930.e5. doi.org\/10.1016\/j.cub.2021.02.028&nbsp;<\/span><\/p>\t\t\t\t\t\t\t\t<\/div>\n\t\t\t\t<\/div>\n\t\t\t\t\t<\/div>\n\t\t\t\t<\/div>\n\t\t<div class=\"aux-parallax-section elementor-element elementor-element-027a577 e-flex e-con-boxed e-con e-parent\" data-id=\"027a577\" data-element_type=\"container\" data-e-type=\"container\">\n\t\t\t\t\t<div class=\"e-con-inner\">\n\t\t\t\t\t<\/div>\n\t\t\t\t<\/div>\n\t\t\t\t<\/div>\n\t\t","protected":false},"excerpt":{"rendered":"<p>2024 Dragwidge JM, Wang Y, Brocard L, De Meyer A, Hude\u010dek R, Eeckhout D, Grones P, Buridan M, Chambaud C, Pejchar P, Potock\u00fd M, Winkler J, Vandorpe M, Serre NBC, Fendrych M, Bernard A, De Jaeger G, Pleskot R, Fang X, Van Damme D. 2024. Biomolecular condensation orchestrates clathrin-mediated endocytosis in plants. Nature Cell Biology. [&hellip;]<\/p>\n","protected":false},"author":1,"featured_media":0,"parent":0,"menu_order":0,"comment_status":"closed","ping_status":"closed","template":"","meta":{"footnotes":""},"class_list":["post-17","page","type-page","status-publish","hentry"],"_links":{"self":[{"href":"https:\/\/pm.ueb.cas.cz\/index.php\/wp-json\/wp\/v2\/pages\/17","targetHints":{"allow":["GET"]}}],"collection":[{"href":"https:\/\/pm.ueb.cas.cz\/index.php\/wp-json\/wp\/v2\/pages"}],"about":[{"href":"https:\/\/pm.ueb.cas.cz\/index.php\/wp-json\/wp\/v2\/types\/page"}],"author":[{"embeddable":true,"href":"https:\/\/pm.ueb.cas.cz\/index.php\/wp-json\/wp\/v2\/users\/1"}],"replies":[{"embeddable":true,"href":"https:\/\/pm.ueb.cas.cz\/index.php\/wp-json\/wp\/v2\/comments?post=17"}],"version-history":[{"count":52,"href":"https:\/\/pm.ueb.cas.cz\/index.php\/wp-json\/wp\/v2\/pages\/17\/revisions"}],"predecessor-version":[{"id":399,"href":"https:\/\/pm.ueb.cas.cz\/index.php\/wp-json\/wp\/v2\/pages\/17\/revisions\/399"}],"wp:attachment":[{"href":"https:\/\/pm.ueb.cas.cz\/index.php\/wp-json\/wp\/v2\/media?parent=17"}],"curies":[{"name":"wp","href":"https:\/\/api.w.org\/{rel}","templated":true}]}}